{"id":11295,"date":"2021-09-24T15:02:35","date_gmt":"2021-09-24T13:02:35","guid":{"rendered":"https:\/\/www.rearobotics.it\/integrierte-linien\/schneiden-schweissen-abgraten\/"},"modified":"2021-11-23T16:09:36","modified_gmt":"2021-11-23T15:09:36","slug":"schneiden-schweissen-abgraten","status":"publish","type":"page","link":"https:\/\/www.rearobotics.it\/de\/integrierte-linien\/schneiden-schweissen-abgraten\/","title":{"rendered":"Schneiden schweissen abgraten"},"content":{"rendered":"<div class=\"wpb-content-wrapper\"><p>[vc_row full_width=&#8221;stretch_row&#8221; css=&#8221;.vc_custom_1631634411400{background-position: center !important;background-repeat: no-repeat !important;background-size: cover !important;}&#8221;][vc_column]\n\t\t\t<!-- START banner tagliasaldasbava REVOLUTION SLIDER 6.7.23 --><p class=\"rs-p-wp-fix\"><\/p>\n\t\t\t<rs-module-wrap id=\"rev_slider_35_1_wrapper\" data-source=\"gallery\" style=\"visibility:hidden;background:transparent;padding:0;margin:0px auto;margin-top:0;margin-bottom:0;\">\n\t\t\t\t<rs-module id=\"rev_slider_35_1\" style=\"\" data-version=\"6.7.23\">\n\t\t\t\t\t<rs-slides style=\"overflow: hidden; position: absolute;\">\n\t\t\t\t\t\t<rs-slide style=\"position: absolute;\" data-key=\"rs-74\" data-title=\"Slide\" data-anim=\"adpr:false;\" data-in=\"o:0;\" data-out=\"a:false;\">\n\t\t\t\t\t\t\t<img decoding=\"async\" src=\"\/\/www.rearobotics.it\/wp-content\/plugins\/revslider\/sr6\/assets\/assets\/dummy.png\" alt=\"\" title=\"Linee-integrate_Taglia-salda-sbava_74.jpeg\" width=\"1216\" height=\"720\" class=\"rev-slidebg tp-rs-img rs-lazyload\" data-lazyload=\"\/\/www.rearobotics.it\/wp-content\/uploads\/revslider\/video-media\/Linee-integrate_Taglia-salda-sbava_74.jpeg\" data-no-retina>\n\t\t\t\t\t\t\t<rs-bgvideo \n\t\t\t\t\t\t\t\tdata-video=\"w:100%;h:100%;nse:false;l:true;ptimer:false;vfc:true;\"\n\t\t\t\t\t\t\t\tdata-mp4=\"\/\/www.rearobotics.it\/wp-content\/uploads\/2021\/10\/Linee-integrate_Taglia-salda-sbava.mp4\"\n\t\t\t\t\t\t\t><\/rs-bgvideo>\n<!--\n\t\t\t\t\t\t\t--><rs-layer\n\t\t\t\t\t\t\t\tid=\"slider-35-slide-74-layer-1\" \n\t\t\t\t\t\t\t\tdata-type=\"text\"\n\t\t\t\t\t\t\t\tdata-rsp_ch=\"on\"\n\t\t\t\t\t\t\t\tdata-xy=\"x:c;y:t,t,t,b;yo:545px,545px,341px,70px;\"\n\t\t\t\t\t\t\t\tdata-text=\"w:normal;s:40,40,25,22;l:54,54,33,28;fw:700;a:center;\"\n\t\t\t\t\t\t\t\tdata-dim=\"w:auto,auto,auto,252.23399999999998px;\"\n\t\t\t\t\t\t\t\tdata-frame_999=\"o:0;st:w;\"\n\t\t\t\t\t\t\t\tstyle=\"z-index:6;font-family:'Montserrat';\"\n\t\t\t\t\t\t\t>Verst\u00e4rkter Einsatz von Robotik und<br \/>\nMinimierung von Produktionsstillst\u00e4nden \n\t\t\t\t\t\t\t<\/rs-layer><!--\n\n\t\t\t\t\t\t\t--><a\n\t\t\t\t\t\t\t\tid=\"slider-35-slide-74-layer-4\" \n\t\t\t\t\t\t\t\tclass=\"rs-layer rev-btn\"\n\t\t\t\t\t\t\t\thref=\"#popmake-15397\" target=\"_self\"\n\t\t\t\t\t\t\t\tdata-type=\"button\"\n\t\t\t\t\t\t\t\tdata-rsp_ch=\"on\"\n\t\t\t\t\t\t\t\tdata-xy=\"x:r,r,c,c;xo:20px,20px,0,0;y:b;yo:20px,20px,34px,25px;\"\n\t\t\t\t\t\t\t\tdata-text=\"w:normal;s:18,18,13,11;l:34,34,26,25;fw:500;\"\n\t\t\t\t\t\t\t\tdata-dim=\"minh:0px,0px,none,none;\"\n\t\t\t\t\t\t\t\tdata-basealign=\"slide\"\n\t\t\t\t\t\t\t\tdata-padding=\"r:25,25,16,10;l:25,25,16,10;\"\n\t\t\t\t\t\t\t\tdata-border=\"bos:solid;boc:#eb5d0b;bow:1px,1px,1px,1px;bor:10px,10px,10px,10px;\"\n\t\t\t\t\t\t\t\tdata-frame_999=\"o:0;st:w;\"\n\t\t\t\t\t\t\t\tdata-frame_hover=\"c:#fff;bgc:rgba(0,0,0,0);boc:rgba(255,255,255,0.75);bor:10px,10px,10px,10px;bos:solid;bow:1px,1px,1px,1px;e:power1.inOut;\"\n\t\t\t\t\t\t\t\tstyle=\"z-index:7;background-color:#eb5d0b;font-family:'Roboto';\"\n\t\t\t\t\t\t\t><i class=\"fa-play\"><\/i> &nbsp Ganzes Video \n\t\t\t\t\t\t\t<\/a><!--\n-->\t\t\t\t\t<\/rs-slide>\n\t\t\t\t\t<\/rs-slides>\n\t\t\t\t\t<rs-static-layers><!--\n\t\t\t\t\t--><\/rs-static-layers>\n\t\t\t\t<\/rs-module>\n\t\t\t\t<script>\n\t\t\t\t\tsetREVStartSize({c: 'rev_slider_35_1',rl:[1240,1240,778,480],el:[800,800,500,400],gw:[1240,1240,778,480],gh:[800,800,500,400],type:'standard',justify:'',layout:'fullwidth',mh:\"0\"});if (window.RS_MODULES!==undefined && window.RS_MODULES.modules!==undefined && window.RS_MODULES.modules[\"revslider351\"]!==undefined) {window.RS_MODULES.modules[\"revslider351\"].once = false;window.revapi35 = undefined;if (window.RS_MODULES.checkMinimal!==undefined) window.RS_MODULES.checkMinimal()}\n\t\t\t\t<\/script>\n\t\t\t<\/rs-module-wrap>\n\t\t\t<!-- END REVOLUTION SLIDER -->\n[\/vc_column][\/vc_row][vc_row full_width=&#8221;stretch_row&#8221; content_placement=&#8221;top&#8221; css=&#8221;.vc_custom_1634810251831{padding-bottom: 100px !important;background-image: url(https:\/\/www.rearobotics.it\/wp-content\/uploads\/2021\/08\/sfondo-cerchio.jpg?id=8065) !important;background-position: center !important;background-repeat: no-repeat !important;background-size: cover !important;}&#8221;][vc_column width=&#8221;1\/2&#8243;][vc_column_text css=&#8221;.vc_custom_1634810221151{padding-top: 20px !important;}&#8221;]<span><span><a href=\"https:\/\/www.rearobotics.it\/de\/\">Start<\/a><\/span><\/span>[\/vc_column_text][vc_empty_space height=&#8221;150px&#8221; el_class=&#8221;riga-computer&#8221;][vc_empty_space height=&#8221;50px&#8221; el_class=&#8221;riga-tablet&#8221;]<header class=\"kd-section-title col-lg-12 text-left  kd-animated fadeInUp  \" ><h1 class=\"separator_off\" >Schneiden schweissen abgraten<\/h1><\/header>[vc_column_text css_animation=&#8221;fadeInUp&#8221;]<\/p>\n<div class=\"shape\"><\/div>\n<p>Rea ist bei der Herstellung seiner Linien in der Lage, mehrere Prozesse in einer <strong>einzigen Arbeitslinie zu kombinieren<\/strong>, vom Schneiden-Schwei\u00dfen-Abgraten bis zum Kalandern-Montieren-Palettieren.<\/p>\n<p>Bei der Gestaltung dieser komplexen Inseln wird gro\u00dfer Wert darauf gelegt, die bereits vorhandene Produktionsdynamik voll auszusch\u00f6pfen und Kosten und Risiken zu reduzieren.<\/p>\n<p>Ein typisches Beispiel ist ein Robotersystem, das sequentiell den Schneid-, Schwei\u00df- und Abgratprozess \u00fcber Automatikgetriebe ausf\u00fchrt und dabei die gleichen Pfade teilt, die von der Offline-Programmiersoftware f\u00fcr die verschiedenen Prozesse generiert werden.[\/vc_column_text][vc_empty_space][\/vc_column][vc_column width=&#8221;1\/2&#8243;][vc_empty_space height=&#8221;80px&#8221; el_class=&#8221;riga-computer&#8221;][vc_empty_space height=&#8221;50px&#8221; el_class=&#8221;riga-tablet&#8221;][vc_single_image image=&#8221;11298&#8243; img_size=&#8221;full&#8221; alignment=&#8221;center&#8221; css_animation=&#8221;appear&#8221;][\/vc_column][\/vc_row][vc_row full_width=&#8221;stretch_row&#8221; css=&#8221;.vc_custom_1630944223678{margin-bottom: 100px !important;padding-top: 100px !important;padding-bottom: 100px !important;background-image: url(https:\/\/www.rearobotics.it\/wp-content\/uploads\/2021\/09\/sfondo-blu-taglia-salda-sbava.jpg?id=8248) !important;background-position: center !important;background-repeat: no-repeat !important;background-size: cover !important;}&#8221;][vc_column]<header class=\"kd-section-title col-lg-12 text-center  kd-animated fadeInUp  \" ><h1 class=\"separator_off\" style=\"color: #ffffff;\">Die Vorteile<\/h1><\/header>[vc_empty_space height=&#8221;50px&#8221; el_class=&#8221;riga-computer&#8221;][vc_row_inner][vc_column_inner width=&#8221;1\/4&#8243;]<div class=\"key-icon-box icon-default icon-top cont-center ib-no-effect  kd-animated zoomIn\" style=\"background-color: transparent;\" ><div class=\"tt-iconbox-customimg img_small_size\"><img decoding=\"async\" width=\"323\" height=\"323\" src=\"https:\/\/www.rearobotics.it\/wp-content\/uploads\/2021\/09\/icona-efficienza.png?wsr\" class=\"attachment-full\" alt=\"Img 1 - Schneiden schweissen abgraten - Rea Robotics is able to combine multiple processes in a single work line: from the cut-weld-deburr to the calender-assemble-palletize\" title=\"icona-efficienza\" srcset=\"https:\/\/www.rearobotics.it\/wp-content\/uploads\/2021\/09\/icona-efficienza.png 323w, https:\/\/www.rearobotics.it\/wp-content\/uploads\/2021\/09\/icona-efficienza-300x300.png 300w, https:\/\/www.rearobotics.it\/wp-content\/uploads\/2021\/09\/icona-efficienza-150x150.png 150w, https:\/\/www.rearobotics.it\/wp-content\/uploads\/2021\/09\/icona-efficienza-320x320.png 320w\" sizes=\"(max-width: 323px) 100vw, 323px\" \/><\/div><p style=\"color: #ffffff;\">Bessere Effizienz<\/p><\/div>[\/vc_column_inner][vc_column_inner width=&#8221;1\/4&#8243;]<div class=\"key-icon-box icon-default icon-top cont-center ib-no-effect  kd-animated zoomIn\" style=\"background-color: transparent;\" data-animation-delay=200><div class=\"tt-iconbox-customimg img_small_size\"><img decoding=\"async\" width=\"323\" height=\"323\" src=\"https:\/\/www.rearobotics.it\/wp-content\/uploads\/2021\/08\/icona-impianti-flessibili-1.png?wsr\" class=\"attachment-full\" alt=\"Img 2 - Schneiden schweissen abgraten - Rea Robotics is able to combine multiple processes in a single work line: from the cut-weld-deburr to the calender-assemble-palletize\" title=\"icona-impianti-flessibili\" srcset=\"https:\/\/www.rearobotics.it\/wp-content\/uploads\/2021\/08\/icona-impianti-flessibili-1.png 323w, https:\/\/www.rearobotics.it\/wp-content\/uploads\/2021\/08\/icona-impianti-flessibili-1-300x300.png 300w, https:\/\/www.rearobotics.it\/wp-content\/uploads\/2021\/08\/icona-impianti-flessibili-1-150x150.png 150w, https:\/\/www.rearobotics.it\/wp-content\/uploads\/2021\/08\/icona-impianti-flessibili-1-320x320.png 320w\" sizes=\"(max-width: 323px) 100vw, 323px\" \/><\/div><p style=\"color: #ffffff;\">Minimierung von Produktionsstopps aufgrund von Inbetriebnahmeanforderungen<\/p><\/div>[\/vc_column_inner][vc_column_inner width=&#8221;1\/4&#8243;]<div class=\"key-icon-box icon-default icon-top cont-center ib-no-effect  kd-animated zoomIn\" style=\"background-color: transparent;\" data-animation-delay=400><div class=\"tt-iconbox-customimg img_small_size\"><img decoding=\"async\" width=\"323\" height=\"323\" src=\"https:\/\/www.rearobotics.it\/wp-content\/uploads\/2021\/09\/icona-qualita-processo.png?wsr\" class=\"attachment-full\" alt=\"Img 3 - Schneiden schweissen abgraten - Rea Robotics is able to combine multiple processes in a single work line: from the cut-weld-deburr to the calender-assemble-palletize\" title=\"icona-qualita-processo\" srcset=\"https:\/\/www.rearobotics.it\/wp-content\/uploads\/2021\/09\/icona-qualita-processo.png 323w, https:\/\/www.rearobotics.it\/wp-content\/uploads\/2021\/09\/icona-qualita-processo-300x300.png 300w, https:\/\/www.rearobotics.it\/wp-content\/uploads\/2021\/09\/icona-qualita-processo-150x150.png 150w, https:\/\/www.rearobotics.it\/wp-content\/uploads\/2021\/09\/icona-qualita-processo-320x320.png 320w\" sizes=\"(max-width: 323px) 100vw, 323px\" \/><\/div><p style=\"color: #ffffff;\">H\u00f6here Prozessqualit\u00e4t<\/p><\/div>[\/vc_column_inner][vc_column_inner width=&#8221;1\/4&#8243;]<div class=\"key-icon-box icon-default icon-top cont-center ib-no-effect  kd-animated zoomIn\" style=\"background-color: transparent;\" data-animation-delay=600><div class=\"tt-iconbox-customimg img_small_size\"><img decoding=\"async\" width=\"323\" height=\"323\" src=\"https:\/\/www.rearobotics.it\/wp-content\/uploads\/2021\/08\/icona-impianti-flessibili.png?wsr\" class=\"attachment-full\" alt=\"Img 4 - Schneiden schweissen abgraten - Rea Robotics is able to combine multiple processes in a single work line: from the cut-weld-deburr to the calender-assemble-palletize\" title=\"icona-impianti-flessibili\" srcset=\"https:\/\/www.rearobotics.it\/wp-content\/uploads\/2021\/08\/icona-impianti-flessibili.png 323w, https:\/\/www.rearobotics.it\/wp-content\/uploads\/2021\/08\/icona-impianti-flessibili-300x300.png 300w, https:\/\/www.rearobotics.it\/wp-content\/uploads\/2021\/08\/icona-impianti-flessibili-150x150.png 150w, https:\/\/www.rearobotics.it\/wp-content\/uploads\/2021\/08\/icona-impianti-flessibili-320x320.png 320w\" sizes=\"(max-width: 323px) 100vw, 323px\" \/><\/div><p style=\"color: #ffffff;\">H\u00f6here Flexibilit\u00e4t bei der Verwaltung unterschiedlicher Chargen<\/p><\/div>[\/vc_column_inner][\/vc_row_inner][\/vc_column][\/vc_row][vc_row content_placement=&#8221;bottom&#8221;][vc_column]<header class=\"kd-section-title col-lg-12 text-center  kd-animated fadeInUp   vc_custom_1631889584785\" ><h1 class=\"separator_off\" >Andere anwendungen<\/h1><\/header>[\/vc_column][\/vc_row][vc_row content_placement=&#8221;middle&#8221; css=&#8221;.vc_custom_1634908749435{padding-top: 50px !important;padding-bottom: 50px !important;}&#8221;][vc_column width=&#8221;1\/3&#8243;][\/vc_column][vc_column width=&#8221;1\/3&#8243;]<div class=\"key-icon-box icon-default icon-top cont-center ib-no-effect  kd-animated fadeInUp icon-box-specializzazioni\" style=\"background-color: #ffffff;\" data-animation-delay=400><div class=\"tt-iconbox-customimg img_big_size\"><img decoding=\"async\" width=\"323\" height=\"323\" src=\"https:\/\/www.rearobotics.it\/wp-content\/uploads\/2021\/09\/icona-calandra.png?wsr\" class=\"attachment-full\" alt=\"Img 5 - Schneiden schweissen abgraten - Rea Robotics is able to combine multiple processes in a single work line: from the cut-weld-deburr to the calender-assemble-palletize\" title=\"icona-calandra\" srcset=\"https:\/\/www.rearobotics.it\/wp-content\/uploads\/2021\/09\/icona-calandra.png 323w, https:\/\/www.rearobotics.it\/wp-content\/uploads\/2021\/09\/icona-calandra-300x300.png 300w, https:\/\/www.rearobotics.it\/wp-content\/uploads\/2021\/09\/icona-calandra-150x150.png 150w, https:\/\/www.rearobotics.it\/wp-content\/uploads\/2021\/09\/icona-calandra-320x320.png 320w\" sizes=\"(max-width: 323px) 100vw, 323px\" \/><\/div><h6 class=\"service-heading\" style=\"color: #003d73;\">KALANDERN MONTIEREN&lt;br&gt;<br \/>\nPALETTIEREN<\/h6><\/div>[\/vc_column][vc_column width=&#8221;1\/3&#8243; css=&#8221;.vc_custom_1633613790105{padding-right: 20px !important;padding-left: 20px !important;}&#8221;][\/vc_column][\/vc_row][vc_row equal_height=&#8221;yes&#8221; css=&#8221;.vc_custom_1636965842237{padding-top: 100px !important;padding-bottom: 100px !important;}&#8221;][vc_column width=&#8221;1\/6&#8243; css=&#8221;.vc_custom_1628861480917{padding: 50px !important;}&#8221;][\/vc_column][vc_column width=&#8221;2\/3&#8243;]<header class=\"kd-section-title col-lg-12 text-center    \" ><h1 class=\"separator_off\" >Sie m\u00f6chten mit uns \u00fcber Ihr Automatisierungsprojekt sprechen oder wissen, welche Vorteile es f\u00fcr Ihre Produktionslinie haben k\u00f6nnte?<\/h1><\/header>[vc_column_text]<\/p>\n<p style=\"text-align: center;\">Senden Sie Ihre Nachricht und fragen Sie nach einer Beratung durch unsere Experten!<\/p>\n<p>[\/vc_column_text]\n<div class=\"wpcf7 no-js\" id=\"wpcf7-f12770-o1\" lang=\"it-IT\" dir=\"ltr\" data-wpcf7-id=\"12770\">\n<div class=\"screen-reader-response\"><p role=\"status\" aria-live=\"polite\" aria-atomic=\"true\"><\/p> <ul><\/ul><\/div>\n<form action=\"\/de\/wp-json\/wp\/v2\/pages\/11295#wpcf7-f12770-o1\" method=\"post\" class=\"wpcf7-form init\" aria-label=\"Modulo di contatto\" novalidate=\"novalidate\" data-status=\"init\">\n<fieldset class=\"hidden-fields-container\"><input type=\"hidden\" name=\"_wpcf7\" value=\"12770\" \/><input type=\"hidden\" name=\"_wpcf7_version\" value=\"6.1.4\" \/><input type=\"hidden\" name=\"_wpcf7_locale\" value=\"it_IT\" \/><input type=\"hidden\" name=\"_wpcf7_unit_tag\" value=\"wpcf7-f12770-o1\" \/><input type=\"hidden\" name=\"_wpcf7_container_post\" value=\"0\" \/><input type=\"hidden\" name=\"_wpcf7_posted_data_hash\" value=\"\" \/><input type=\"hidden\" name=\"_wpcf7_recaptcha_response\" value=\"\" \/>\n<\/fieldset>\n<p><span class=\"wpcf7-form-control-wrap\" data-name=\"your-name\"><input size=\"40\" maxlength=\"400\" class=\"wpcf7-form-control wpcf7-text wpcf7-validates-as-required\" aria-required=\"true\" aria-invalid=\"false\" placeholder=\"Name und Nachname\" value=\"\" type=\"text\" name=\"your-name\" \/><\/span>\n<\/p>\n<p><label><span class=\"wpcf7-form-control-wrap\" data-name=\"your-email\"><input size=\"40\" maxlength=\"400\" class=\"wpcf7-form-control wpcf7-email wpcf7-validates-as-required wpcf7-text wpcf7-validates-as-email\" aria-required=\"true\" aria-invalid=\"false\" placeholder=\"E-mail\" value=\"\" type=\"email\" name=\"your-email\" \/><\/span> <\/label>\n<\/p>\n<p><label><span class=\"wpcf7-form-control-wrap\" data-name=\"your-message\"><textarea cols=\"40\" rows=\"10\" maxlength=\"2000\" class=\"wpcf7-form-control wpcf7-textarea\" aria-invalid=\"false\" placeholder=\"Nachricht\" name=\"your-message\"><\/textarea><\/span><\/label>\n<\/p>\n<p><span class=\"wpcf7-form-control-wrap\" data-name=\"privacy\"><span class=\"wpcf7-form-control wpcf7-acceptance\"><span class=\"wpcf7-list-item\"><label><input type=\"checkbox\" name=\"privacy\" value=\"1\" aria-invalid=\"false\" \/><span class=\"wpcf7-list-item-label\"><span style=\"font-size:12pt; margin-left:10px; margin-top:10px; color: #141414;\">*\nIch habe gelesen und akzeptiere die <a href=\"https:\/\/www.rearobotics.it\/de\/privacy-policy\/\">Privacy Policy<\/a>.<\/span><\/span><\/label><\/span><\/span><\/span>\n<\/p>\n<div class=\"cf7-cf-turnstile\" style=\"margin-top: 0px; margin-bottom: -15px;\"> <div id=\"cf-turnstile-cf7-229364710\" class=\"cf-turnstile\" data-callback=\"turnstileCF7Callback\" data-sitekey=\"0x4AAAAAAA58QrW-Ku5QjxWI\" data-theme=\"light\" data-language=\"auto\" data-size=\"normal\" data-retry=\"auto\" data-retry-interval=\"1000\" data-refresh-expired=\"auto\" data-action=\"contact-form-7\" data-appearance=\"always\"><\/div> <style>.wpcf7-submit { pointer-events: none; opacity: 0.5; }<\/style> <script>document.addEventListener(\"DOMContentLoaded\", function() { setTimeout(function(){ var e=document.getElementById(\"cf-turnstile-cf7-229364710\"); e&&!e.innerHTML.trim()&&(turnstile.remove(\"#cf-turnstile-cf7-229364710\"), turnstile.render(\"#cf-turnstile-cf7-229364710\", {sitekey:\"0x4AAAAAAA58QrW-Ku5QjxWI\"})); }, 100); });<\/script> <br class=\"cf-turnstile-br cf-turnstile-br-cf7-229364710\"> <style>#cf-turnstile-cf7-229364710 { margin-left: -15px; }<\/style> <script>document.addEventListener(\"DOMContentLoaded\",function(){document.querySelectorAll('.wpcf7-form').forEach(function(e){e.addEventListener('submit',function(){if(document.getElementById('cf-turnstile-cf7-229364710')){setTimeout(function(){turnstile.reset('#cf-turnstile-cf7-229364710');},1000)}})})});<\/script> <\/div><br\/><input class=\"wpcf7-form-control wpcf7-submit has-spinner\" type=\"submit\" value=\"Nachricht senden\" \/>\n<\/p><input type='hidden' class='wpcf7-pum' value='{\"closepopup\":false,\"closedelay\":0,\"openpopup\":false,\"openpopup_id\":0}' \/><div class=\"wpcf7-response-output\" aria-hidden=\"true\"><\/div>\n<\/form>\n<\/div>\n[\/vc_column][vc_column width=&#8221;1\/6&#8243;][\/vc_column][\/vc_row]<\/p>\n<\/div>","protected":false},"excerpt":{"rendered":"<p>[vc_row full_width=&#8221;stretch_row&#8221; css=&#8221;.vc_custom_1631634411400{background-position: center !important;background-repeat: no-repeat !important;background-size: cover !important;}&#8221;][vc_column][\/vc_column][\/vc_row][vc_row full_width=&#8221;stretch_row&#8221; [&hellip;]<\/p>\n","protected":false},"author":3,"featured_media":0,"parent":11246,"menu_order":0,"comment_status":"closed","ping_status":"closed","template":"","meta":{"content-type":"","footnotes":""},"class_list":["post-11295","page","type-page","status-publish","hentry"],"yoast_head":"<!-- This site is optimized with the Yoast SEO plugin v26.7 - https:\/\/yoast.com\/wordpress\/plugins\/seo\/ -->\n<title>Schneiden schweissen abgraten | Rea Robotics<\/title>\n<meta name=\"description\" content=\"Rea Robotics is able to combine multiple processes in a single work line: from the cut-weld-deburr to the calender-assemble-palletize\" \/>\n<meta name=\"robots\" content=\"index, follow, max-snippet:-1, max-image-preview:large, max-video-preview:-1\" \/>\n<link rel=\"canonical\" href=\"https:\/\/www.rearobotics.it\/de\/integrierte-linien\/schneiden-schweissen-abgraten\/\" \/>\n<meta property=\"og:locale\" content=\"de_DE\" \/>\n<meta property=\"og:type\" content=\"article\" \/>\n<meta property=\"og:title\" content=\"Schneiden schweissen abgraten | Rea Robotics\" \/>\n<meta property=\"og:description\" content=\"Rea Robotics is able to combine multiple processes in a single work line: from the cut-weld-deburr to the calender-assemble-palletize\" \/>\n<meta property=\"og:url\" content=\"https:\/\/www.rearobotics.it\/de\/integrierte-linien\/schneiden-schweissen-abgraten\/\" \/>\n<meta property=\"og:site_name\" content=\"Rea Robotics\" \/>\n<meta property=\"article:modified_time\" content=\"2021-11-23T15:09:36+00:00\" \/>\n<meta name=\"twitter:card\" content=\"summary_large_image\" \/>\n<meta name=\"twitter:label1\" content=\"Gesch\u00e4tzte Lesezeit\" \/>\n\t<meta name=\"twitter:data1\" content=\"2\u00a0Minuten\" \/>\n<script type=\"application\/ld+json\" class=\"yoast-schema-graph\">{\"@context\":\"https:\/\/schema.org\",\"@graph\":[{\"@type\":\"WebPage\",\"@id\":\"https:\/\/www.rearobotics.it\/de\/integrierte-linien\/schneiden-schweissen-abgraten\/\",\"url\":\"https:\/\/www.rearobotics.it\/de\/integrierte-linien\/schneiden-schweissen-abgraten\/\",\"name\":\"Schneiden schweissen abgraten | Rea Robotics\",\"isPartOf\":{\"@id\":\"https:\/\/www.rearobotics.it\/de\/#website\"},\"datePublished\":\"2021-09-24T13:02:35+00:00\",\"dateModified\":\"2021-11-23T15:09:36+00:00\",\"description\":\"Rea Robotics is able to combine multiple processes in a single work line: from the cut-weld-deburr to the calender-assemble-palletize\",\"breadcrumb\":{\"@id\":\"https:\/\/www.rearobotics.it\/de\/integrierte-linien\/schneiden-schweissen-abgraten\/#breadcrumb\"},\"inLanguage\":\"de\",\"potentialAction\":[{\"@type\":\"ReadAction\",\"target\":[\"https:\/\/www.rearobotics.it\/de\/integrierte-linien\/schneiden-schweissen-abgraten\/\"]}]},{\"@type\":\"BreadcrumbList\",\"@id\":\"https:\/\/www.rearobotics.it\/de\/integrierte-linien\/schneiden-schweissen-abgraten\/#breadcrumb\",\"itemListElement\":[{\"@type\":\"ListItem\",\"position\":1,\"name\":\"Start\",\"item\":\"https:\/\/www.rearobotics.it\/de\/\"},{\"@type\":\"ListItem\",\"position\":2,\"name\":\"Integrierte linien\",\"item\":\"https:\/\/www.rearobotics.it\/de\/linee-integrate\/\"},{\"@type\":\"ListItem\",\"position\":3,\"name\":\"Schneiden schweissen abgraten\"}]},{\"@type\":\"WebSite\",\"@id\":\"https:\/\/www.rearobotics.it\/de\/#website\",\"url\":\"https:\/\/www.rearobotics.it\/de\/\",\"name\":\"Rea Robotics\",\"description\":\"Automazione Industriale\",\"potentialAction\":[{\"@type\":\"SearchAction\",\"target\":{\"@type\":\"EntryPoint\",\"urlTemplate\":\"https:\/\/www.rearobotics.it\/de\/?s={search_term_string}\"},\"query-input\":{\"@type\":\"PropertyValueSpecification\",\"valueRequired\":true,\"valueName\":\"search_term_string\"}}],\"inLanguage\":\"de\"}]}<\/script>\n<!-- \/ Yoast SEO plugin. -->","yoast_head_json":{"title":"Schneiden schweissen abgraten | Rea Robotics","description":"Rea Robotics is able to combine multiple processes in a single work line: from the cut-weld-deburr to the calender-assemble-palletize","robots":{"index":"index","follow":"follow","max-snippet":"max-snippet:-1","max-image-preview":"max-image-preview:large","max-video-preview":"max-video-preview:-1"},"canonical":"https:\/\/www.rearobotics.it\/de\/integrierte-linien\/schneiden-schweissen-abgraten\/","og_locale":"de_DE","og_type":"article","og_title":"Schneiden schweissen abgraten | Rea Robotics","og_description":"Rea Robotics is able to combine multiple processes in a single work line: from the cut-weld-deburr to the calender-assemble-palletize","og_url":"https:\/\/www.rearobotics.it\/de\/integrierte-linien\/schneiden-schweissen-abgraten\/","og_site_name":"Rea Robotics","article_modified_time":"2021-11-23T15:09:36+00:00","twitter_card":"summary_large_image","twitter_misc":{"Gesch\u00e4tzte Lesezeit":"2\u00a0Minuten"},"schema":{"@context":"https:\/\/schema.org","@graph":[{"@type":"WebPage","@id":"https:\/\/www.rearobotics.it\/de\/integrierte-linien\/schneiden-schweissen-abgraten\/","url":"https:\/\/www.rearobotics.it\/de\/integrierte-linien\/schneiden-schweissen-abgraten\/","name":"Schneiden schweissen abgraten | Rea Robotics","isPartOf":{"@id":"https:\/\/www.rearobotics.it\/de\/#website"},"datePublished":"2021-09-24T13:02:35+00:00","dateModified":"2021-11-23T15:09:36+00:00","description":"Rea Robotics is able to combine multiple processes in a single work line: from the cut-weld-deburr to the calender-assemble-palletize","breadcrumb":{"@id":"https:\/\/www.rearobotics.it\/de\/integrierte-linien\/schneiden-schweissen-abgraten\/#breadcrumb"},"inLanguage":"de","potentialAction":[{"@type":"ReadAction","target":["https:\/\/www.rearobotics.it\/de\/integrierte-linien\/schneiden-schweissen-abgraten\/"]}]},{"@type":"BreadcrumbList","@id":"https:\/\/www.rearobotics.it\/de\/integrierte-linien\/schneiden-schweissen-abgraten\/#breadcrumb","itemListElement":[{"@type":"ListItem","position":1,"name":"Start","item":"https:\/\/www.rearobotics.it\/de\/"},{"@type":"ListItem","position":2,"name":"Integrierte linien","item":"https:\/\/www.rearobotics.it\/de\/linee-integrate\/"},{"@type":"ListItem","position":3,"name":"Schneiden schweissen abgraten"}]},{"@type":"WebSite","@id":"https:\/\/www.rearobotics.it\/de\/#website","url":"https:\/\/www.rearobotics.it\/de\/","name":"Rea Robotics","description":"Automazione Industriale","potentialAction":[{"@type":"SearchAction","target":{"@type":"EntryPoint","urlTemplate":"https:\/\/www.rearobotics.it\/de\/?s={search_term_string}"},"query-input":{"@type":"PropertyValueSpecification","valueRequired":true,"valueName":"search_term_string"}}],"inLanguage":"de"}]}},"_links":{"self":[{"href":"https:\/\/www.rearobotics.it\/de\/wp-json\/wp\/v2\/pages\/11295","targetHints":{"allow":["GET"]}}],"collection":[{"href":"https:\/\/www.rearobotics.it\/de\/wp-json\/wp\/v2\/pages"}],"about":[{"href":"https:\/\/www.rearobotics.it\/de\/wp-json\/wp\/v2\/types\/page"}],"author":[{"embeddable":true,"href":"https:\/\/www.rearobotics.it\/de\/wp-json\/wp\/v2\/users\/3"}],"replies":[{"embeddable":true,"href":"https:\/\/www.rearobotics.it\/de\/wp-json\/wp\/v2\/comments?post=11295"}],"version-history":[{"count":0,"href":"https:\/\/www.rearobotics.it\/de\/wp-json\/wp\/v2\/pages\/11295\/revisions"}],"up":[{"embeddable":true,"href":"https:\/\/www.rearobotics.it\/de\/wp-json\/wp\/v2\/pages\/11246"}],"wp:attachment":[{"href":"https:\/\/www.rearobotics.it\/de\/wp-json\/wp\/v2\/media?parent=11295"}],"curies":[{"name":"wp","href":"https:\/\/api.w.org\/{rel}","templated":true}]}}