{"id":15073,"date":"2021-11-19T09:14:15","date_gmt":"2021-11-19T08:14:15","guid":{"rendered":"https:\/\/www.rearobotics.it\/ueber-uns\/unsere-zertifizierungen\/"},"modified":"2024-12-02T16:41:23","modified_gmt":"2024-12-02T15:41:23","slug":"unsere-zertifizierungen","status":"publish","type":"page","link":"https:\/\/www.rearobotics.it\/de\/ueber-uns\/unsere-zertifizierungen\/","title":{"rendered":"Unsere Zertifizierungen"},"content":{"rendered":"<div class=\"wpb-content-wrapper\"><p>[vc_row full_width=&#8221;stretch_row&#8221; css=&#8221;.vc_custom_1631635468888{background-position: center !important;background-repeat: no-repeat !important;background-size: cover !important;}&#8221;][vc_column]\n\t\t\t<!-- START Banner certificazioni REVOLUTION SLIDER 6.7.23 --><p class=\"rs-p-wp-fix\"><\/p>\n\t\t\t<rs-module-wrap id=\"rev_slider_51_1_wrapper\" data-source=\"gallery\" style=\"visibility:hidden;background:transparent;padding:0;margin:0px auto;margin-top:0;margin-bottom:0;\">\n\t\t\t\t<rs-module id=\"rev_slider_51_1\" style=\"\" data-version=\"6.7.23\">\n\t\t\t\t\t<rs-slides style=\"overflow: hidden; position: absolute;\">\n\t\t\t\t\t\t<rs-slide style=\"position: absolute;\" data-key=\"rs-117\" data-title=\"Slide\" data-anim=\"adpr:false;\" data-in=\"o:0;\" data-out=\"a:false;\">\n\t\t\t\t\t\t\t<img decoding=\"async\" src=\"\/\/www.rearobotics.it\/wp-content\/plugins\/revslider\/sr6\/assets\/assets\/dummy.png\" alt=\"\" title=\"banner-certificazioni\" width=\"2000\" height=\"1333\" class=\"rev-slidebg tp-rs-img rs-lazyload\" data-lazyload=\"\/\/www.rearobotics.it\/wp-content\/uploads\/2021\/11\/banner-certificazioni.jpg\" data-no-retina>\n<!--\n\t\t\t\t\t\t\t--><rs-layer\n\t\t\t\t\t\t\t\tid=\"slider-51-slide-117-layer-0\" \n\t\t\t\t\t\t\t\tdata-type=\"shape\"\n\t\t\t\t\t\t\t\tdata-rsp_ch=\"on\"\n\t\t\t\t\t\t\t\tdata-text=\"w:normal;\"\n\t\t\t\t\t\t\t\tdata-dim=\"w:100%;h:100%;\"\n\t\t\t\t\t\t\t\tdata-basealign=\"slide\"\n\t\t\t\t\t\t\t\tdata-frame_999=\"o:0;st:w;\"\n\t\t\t\t\t\t\t\tstyle=\"z-index:9;background-color:rgba(0,0,0,0.38);\"\n\t\t\t\t\t\t\t> \n\t\t\t\t\t\t\t<\/rs-layer><!--\n\n\t\t\t\t\t\t\t--><rs-layer\n\t\t\t\t\t\t\t\tid=\"slider-51-slide-117-layer-1\" \n\t\t\t\t\t\t\t\tdata-type=\"image\"\n\t\t\t\t\t\t\t\tdata-rsp_ch=\"on\"\n\t\t\t\t\t\t\t\tdata-xy=\"xo:50px,50px,31px,-8px;yo:50px,50px,31px,-6px;\"\n\t\t\t\t\t\t\t\tdata-text=\"w:normal;\"\n\t\t\t\t\t\t\t\tdata-dim=\"w:300px,300px,187px,621px;h:180px,180px,112px,414px;\"\n\t\t\t\t\t\t\t\tdata-vbility=\"f,f,f,t\"\n\t\t\t\t\t\t\t\tdata-frame_999=\"o:0;st:w;\"\n\t\t\t\t\t\t\t\tstyle=\"z-index:8;\"\n\t\t\t\t\t\t\t><img decoding=\"async\" src=\"\/\/www.rearobotics.it\/wp-content\/plugins\/revslider\/sr6\/assets\/assets\/dummy.png\" alt=\"\" class=\"tp-rs-img rs-lazyload\" width=\"2000\" height=\"1333\" data-lazyload=\"\/\/www.rearobotics.it\/wp-content\/uploads\/2021\/11\/banner-certificazioni.jpg\" data-no-retina> \n\t\t\t\t\t\t\t<\/rs-layer><!--\n-->\t\t\t\t\t<\/rs-slide>\n\t\t\t\t\t<\/rs-slides>\n\t\t\t\t<\/rs-module>\n\t\t\t\t<script>\n\t\t\t\t\tsetREVStartSize({c: 'rev_slider_51_1',rl:[1240,1240,778,480],el:[800,800,500,400],gw:[1240,1240,778,480],gh:[800,800,500,400],type:'hero',justify:'',layout:'fullwidth',mh:\"0\"});if (window.RS_MODULES!==undefined && window.RS_MODULES.modules!==undefined && window.RS_MODULES.modules[\"revslider511\"]!==undefined) {window.RS_MODULES.modules[\"revslider511\"].once = false;window.revapi51 = undefined;if (window.RS_MODULES.checkMinimal!==undefined) window.RS_MODULES.checkMinimal()}\n\t\t\t\t<\/script>\n\t\t\t<\/rs-module-wrap>\n\t\t\t<!-- END REVOLUTION SLIDER -->\n[vc_column_text css=&#8221;.vc_custom_1634810545957{padding-top: 20px !important;}&#8221;]<span><span><a href=\"https:\/\/www.rearobotics.it\/de\/\">Start<\/a><\/span><\/span>[\/vc_column_text][\/vc_column][\/vc_row][vc_row content_placement=&#8221;middle&#8221; css=&#8221;.vc_custom_1636977717130{margin-top: 100px !important;}&#8221;][vc_column width=&#8221;2\/3&#8243;]<header class=\"kd-section-title col-lg-12 text-left  kd-animated fadeInUp  \" ><h1 class=\"separator_off\" >Unsere Zertifizierungen<\/h1><\/header>[vc_column_text css_animation=&#8221;fadeInUp&#8221;]<\/p>\n<p class=\"p1\">REA ROBOTICS S. R.L. strebt ein optimales Qualit\u00e4tsniveau in allen Phasen der Leistungserbringung an, um die volle Befriedigung der Bed\u00fcrfnisse und Erwartungen der Kunden und Kunden sicherzustellen.<\/p>\n<p class=\"p1\">Um die Einhaltung der oben genannten Grunds\u00e4tze zu gew\u00e4hrleisten, beabsichtigt das Management von REA ROBOTICS S. R. L., seinen Dienst unter Ber\u00fccksichtigung insbesondere der folgenden Grunds\u00e4tze einzurichten:<\/p>\n<p>[\/vc_column_text][\/vc_column][vc_column width=&#8221;1\/3&#8243;][\/vc_column][\/vc_row][vc_row content_placement=&#8221;middle&#8221;][vc_column][vc_separator border_width=&#8221;3&#8243; css_animation=&#8221;fadeInLeft&#8221; css=&#8221;.vc_custom_1631010605586{padding-top: 50px !important;padding-bottom: 50px !important;}&#8221;][vc_row_inner gap=&#8221;35&#8243;][vc_column_inner width=&#8221;1\/2&#8243; css=&#8221;.vc_custom_1631192984308{padding-right: 10% !important;padding-left: 10% !important;}&#8221;][vc_column_text]<\/p>\n<table style=\"border: none;\">\n<tbody>\n<tr style=\"border: none;\">\n<td style=\"border: none;\"><img decoding=\"async\" class=\"alignnone size-full wp-image-7537\" src=\"https:\/\/www.rearobotics.it\/wp-content\/uploads\/2021\/08\/icona-check-square.png\" alt=\"\" width=\"20\" height=\"20\" \/><\/td>\n<td style=\"border: none;\">erzielen Sie ein zufriedenstellendes wirtschaftliches Ergebnis, das die Gesch\u00e4ftskontinuit\u00e4t gew\u00e4hrleisten kann;<\/td>\n<\/tr>\n<tr style=\"border: none;\">\n<td style=\"border: none;\"><img decoding=\"async\" class=\"alignnone size-full wp-image-7537\" src=\"https:\/\/www.rearobotics.it\/wp-content\/uploads\/2021\/08\/icona-check-square.png\" alt=\"\" width=\"20\" height=\"20\" \/><\/td>\n<td style=\"border: none;\">definieren Sie die Verantwortlichkeiten, die allen Gesch\u00e4ftsfunktionen zugewiesen sind, indem Sie \u00fcberpr\u00fcfen, ob sie verstanden und angewendet wurden;<\/td>\n<\/tr>\n<tr style=\"border: none;\">\n<td style=\"border: none;\"><img decoding=\"async\" class=\"alignnone size-full wp-image-7537\" src=\"https:\/\/www.rearobotics.it\/wp-content\/uploads\/2021\/08\/icona-check-square.png\" alt=\"\" width=\"20\" height=\"20\" \/><\/td>\n<td style=\"border: none;\">sicherstellen, dass die Entscheidungen der j\u00e4hrlichen \u00dcberpr\u00fcfung des Kontexts, der Risiken und der Chancen durch das Management Rechnung getragen werden;<\/td>\n<\/tr>\n<tr style=\"border: none;\">\n<td style=\"border: none;\"><img decoding=\"async\" class=\"alignnone size-full wp-image-7537\" src=\"https:\/\/www.rearobotics.it\/wp-content\/uploads\/2021\/08\/icona-check-square.png\" alt=\"\" width=\"20\" height=\"20\" \/><\/td>\n<td style=\"border: none;\">Verwaltung, \u00dcberwachung und \u00c4nderung von Prozessen gem\u00e4\u00df organisatorischen, technologischen, rechtlichen und regulatorischen Entwicklungen, Aktualisierung des Managementsystems und Gew\u00e4hrleistung der kontinuierlichen Einhaltung der regulatorischen Anforderungen;<\/td>\n<\/tr>\n<tr style=\"border: none;\">\n<td style=\"border: none;\"><img decoding=\"async\" class=\"alignnone size-full wp-image-7537\" src=\"https:\/\/www.rearobotics.it\/wp-content\/uploads\/2021\/08\/icona-check-square.png\" alt=\"\" width=\"20\" height=\"20\" \/><\/td>\n<td style=\"border: none;\">einhaltung der auf nationaler und internationaler Ebene geltenden Gesetze und Vorschriften, die von interessierten Parteien (z. B. Kunden) verbindlich und m\u00f6glicherweise vorgeschrieben sind;<\/td>\n<\/tr>\n<tr style=\"border: none;\">\n<td style=\"border: none;\"><img decoding=\"async\" class=\"alignnone size-full wp-image-7537\" src=\"https:\/\/www.rearobotics.it\/wp-content\/uploads\/2021\/08\/icona-check-square.png\" alt=\"\" width=\"20\" height=\"20\" \/><\/td>\n<td style=\"border: none;\">kontinuierliche Verbesserung der internen Informationsfl\u00fcsse, um sicherzustellen, dass die Informationen die richtigen Personen erreichen, in der \u00dcberzeugung, dass dies ein erster Schritt zur Verbesserung des dem Kunden angebotenen Dienstes ist;<\/td>\n<\/tr>\n<tr style=\"border: none;\">\n<td style=\"border: none;\"><img decoding=\"async\" class=\"alignnone size-full wp-image-7537\" src=\"https:\/\/www.rearobotics.it\/wp-content\/uploads\/2021\/08\/icona-check-square.png\" alt=\"\" width=\"20\" height=\"20\" \/><\/td>\n<td style=\"border: none;\">erhaltung und Verbesserung der Umwelt- und Sicherheitsbedingungen am Arbeitsplatz im Einklang mit der Entwicklung des technologischen Wissens;<\/td>\n<\/tr>\n<\/tbody>\n<\/table>\n<p>[\/vc_column_text][\/vc_column_inner][vc_column_inner width=&#8221;1\/2&#8243; css=&#8221;.vc_custom_1631192973744{padding-right: 10% !important;padding-left: 10% !important;}&#8221;][vc_column_text]<\/p>\n<table style=\"border: none;\">\n<tbody>\n<tr style=\"border: none;\">\n<td style=\"border: none;\"><img decoding=\"async\" class=\"alignnone size-full wp-image-7537\" src=\"https:\/\/www.rearobotics.it\/wp-content\/uploads\/2021\/08\/icona-check-square.png\" alt=\"\" width=\"20\" height=\"20\" \/><\/td>\n<td style=\"border: none;\">f\u00f6rderung der st\u00e4ndigen Zusammenarbeit und des Dialogs mit dem Kunden \/ Kunden, um sicherzustellen, dass seine Bed\u00fcrfnisse und Erwartungen mit Kontinuit\u00e4t und Effektivit\u00e4t erf\u00fcllt werden;<\/td>\n<\/tr>\n<tr style=\"border: none;\">\n<td style=\"border: none;\"><img decoding=\"async\" class=\"alignnone size-full wp-image-7537\" src=\"https:\/\/www.rearobotics.it\/wp-content\/uploads\/2021\/08\/icona-check-square.png\" alt=\"\" width=\"20\" height=\"20\" \/><\/td>\n<td style=\"border: none;\">entwicklung innovativer Produkte und Dienstleistungen mit hohem technologischem Gehalt, die in der Lage sind, die Kundenerwartungen zu erf\u00fcllen und zu antizipieren, und versuchen, die aus dem Referenzmarkt stammenden Inputs zu erfassen;<\/td>\n<\/tr>\n<tr style=\"border: none;\">\n<td style=\"border: none;\"><img decoding=\"async\" class=\"alignnone size-full wp-image-7537\" src=\"https:\/\/www.rearobotics.it\/wp-content\/uploads\/2021\/08\/icona-check-square.png\" alt=\"\" width=\"20\" height=\"20\" \/><\/td>\n<td style=\"border: none;\">involvieren und sensibilisieren Sie ihre Lieferanten und Auftragnehmer in das Unternehmensmanagementsystem, um ein Betriebssystem auf der st\u00e4ndigen Suche nach der Verbesserung der Qualit\u00e4t der Produkte zu schaffen, indem Sie sie als Partner und nicht als blo\u00dfe Lieferanten von Arbeit und Materialien betrachten;<\/td>\n<\/tr>\n<tr style=\"border: none;\">\n<td style=\"border: none;\"><img decoding=\"async\" class=\"alignnone size-full wp-image-7537\" src=\"https:\/\/www.rearobotics.it\/wp-content\/uploads\/2021\/08\/icona-check-square.png\" alt=\"\" width=\"20\" height=\"20\" \/><\/td>\n<td style=\"border: none;\">konsequente Sicherstellung des Einsatzes von qualifiziertem und kompetentem Personal f\u00fcr Planungs-, Installations- und Wartungst\u00e4tigkeiten als Grundlage f\u00fcr die Erbringung von Dienstleistungen, die den erforderlichen Standards entsprechen;<\/td>\n<\/tr>\n<tr style=\"border: none;\">\n<td style=\"border: none;\"><img decoding=\"async\" class=\"alignnone size-full wp-image-7537\" src=\"https:\/\/www.rearobotics.it\/wp-content\/uploads\/2021\/08\/icona-check-square.png\" alt=\"\" width=\"20\" height=\"20\" \/><\/td>\n<td style=\"border: none;\">kontinuierliche Verbesserung der Kompetenz, des Engagements und des Bewusstseins der Mitarbeiter f\u00fcr Qualit\u00e4t und Sicherheit im Unternehmen;<\/td>\n<\/tr>\n<tr style=\"border: none;\">\n<td style=\"border: none;\"><img decoding=\"async\" class=\"alignnone size-full wp-image-7537\" src=\"https:\/\/www.rearobotics.it\/wp-content\/uploads\/2021\/08\/icona-check-square.png\" alt=\"\" width=\"20\" height=\"20\" \/><\/td>\n<td style=\"border: none;\">bereitstellung wirtschaftlicher, technischer und personeller Ressourcen zur Erreichung der Ziele der Verh\u00fctung von Arbeitsunf\u00e4llen und -krankheiten sowie des Umweltschutzes;<\/td>\n<\/tr>\n<\/tbody>\n<\/table>\n<p>[\/vc_column_text][\/vc_column_inner][\/vc_row_inner][vc_separator border_width=&#8221;3&#8243; css_animation=&#8221;fadeInLeft&#8221; css=&#8221;.vc_custom_1631010605586{padding-top: 50px !important;padding-bottom: 50px !important;}&#8221;][\/vc_column][\/vc_row][vc_row content_placement=&#8221;middle&#8221; css=&#8221;.vc_custom_1636977776485{margin-top: 50px !important;margin-bottom: 100px !important;}&#8221;][vc_column width=&#8221;2\/3&#8243;][vc_column_text css_animation=&#8221;fadeInUp&#8221;]<\/p>\n<p class=\"p1\">Die Entscheidung, ihr Qualit\u00e4tsmanagementsystem in \u00dcbereinstimmung mit der UNI EN ISO 9001:15 und in den n\u00e4chsten zwei Jahren mit den Vorschriften UNI ISO 45001: 18 und UNI EN ISO 14001:15 zu implementieren und zu zertifizieren, spiegelt den Willen der REA ROBOTICS Srl wider, sicherzustellen, dass diese Prinzipien kontinuierlich verfolgt werden, in der \u00dcberzeugung, dass dies ein grundlegender Schritt ist, um die volle und kontinuierliche Kundenzufriedenheit zu erreichen.<\/p>\n<p class=\"p2\">Das Management fordert alle Mitarbeiter auf, sich daf\u00fcr einzusetzen, dass die oben genannten Grunds\u00e4tze und die festgelegten Verbesserungsziele mit Kontinuit\u00e4t und Wirksamkeit erreicht werden.<\/p>\n<p>[\/vc_column_text][\/vc_column][vc_column width=&#8221;1\/3&#8243;][\/vc_column][\/vc_row][vc_row css=&#8221;.vc_custom_1636977204604{margin-bottom: 100px !important;}&#8221;][vc_column width=&#8221;1\/3&#8243;]<a  href=\"http:\/\/www.rearobotics.it\/wp-content\/uploads\/2024\/12\/ITNE_001098_GenericCertificate_Final-2.pdf\"  target=\"_blank\"  title=\"\" class=\"tt_button tt_primary_button btn_secondary_color  pull-left button-action-link\" ><span class=\"prim_text\">Zertifizierung ISO 9001:2015<\/span><\/a>[\/vc_column][vc_column width=&#8221;1\/3&#8243;][\/vc_column][vc_column width=&#8221;1\/3&#8243;][\/vc_column][\/vc_row]<\/p>\n<\/div>","protected":false},"excerpt":{"rendered":"<p>[vc_row full_width=&#8221;stretch_row&#8221; css=&#8221;.vc_custom_1631635468888{background-position: center !important;background-repeat: no-repeat !important;background-size: cover !important;}&#8221;][vc_column][vc_column_text css=&#8221;.vc_custom_1634810545957{padding-top: [&hellip;]<\/p>\n","protected":false},"author":3,"featured_media":0,"parent":12358,"menu_order":0,"comment_status":"closed","ping_status":"closed","template":"","meta":{"content-type":"","footnotes":""},"class_list":["post-15073","page","type-page","status-publish","hentry"],"yoast_head":"<!-- This site is optimized with the Yoast SEO plugin v26.7 - https:\/\/yoast.com\/wordpress\/plugins\/seo\/ -->\n<title>Unsere Zertifizierungen - Rea Robotics<\/title>\n<meta name=\"description\" content=\"REA ROBOTICS S. R.L. strebt ein optimales Qualit\u00e4tsniveau in allen Phasen der Leistungserbringung an\" \/>\n<meta name=\"robots\" content=\"index, follow, max-snippet:-1, max-image-preview:large, max-video-preview:-1\" \/>\n<link rel=\"canonical\" href=\"https:\/\/www.rearobotics.it\/de\/ueber-uns\/unsere-zertifizierungen\/\" \/>\n<meta property=\"og:locale\" content=\"de_DE\" \/>\n<meta property=\"og:type\" content=\"article\" \/>\n<meta property=\"og:title\" content=\"Unsere Zertifizierungen - Rea Robotics\" \/>\n<meta property=\"og:description\" content=\"REA ROBOTICS S. R.L. strebt ein optimales Qualit\u00e4tsniveau in allen Phasen der Leistungserbringung an\" \/>\n<meta property=\"og:url\" content=\"https:\/\/www.rearobotics.it\/de\/ueber-uns\/unsere-zertifizierungen\/\" \/>\n<meta property=\"og:site_name\" content=\"Rea Robotics\" \/>\n<meta property=\"article:modified_time\" content=\"2024-12-02T15:41:23+00:00\" \/>\n<meta property=\"og:image\" content=\"https:\/\/www.rearobotics.it\/wp-content\/uploads\/2021\/08\/icona-check-square.png\" \/>\n<meta name=\"twitter:card\" content=\"summary_large_image\" \/>\n<meta name=\"twitter:label1\" content=\"Gesch\u00e4tzte Lesezeit\" \/>\n\t<meta name=\"twitter:data1\" content=\"5\u00a0Minuten\" \/>\n<script type=\"application\/ld+json\" class=\"yoast-schema-graph\">{\"@context\":\"https:\/\/schema.org\",\"@graph\":[{\"@type\":\"WebPage\",\"@id\":\"https:\/\/www.rearobotics.it\/de\/ueber-uns\/unsere-zertifizierungen\/\",\"url\":\"https:\/\/www.rearobotics.it\/de\/ueber-uns\/unsere-zertifizierungen\/\",\"name\":\"Unsere Zertifizierungen - Rea Robotics\",\"isPartOf\":{\"@id\":\"https:\/\/www.rearobotics.it\/de\/#website\"},\"primaryImageOfPage\":{\"@id\":\"https:\/\/www.rearobotics.it\/de\/ueber-uns\/unsere-zertifizierungen\/#primaryimage\"},\"image\":{\"@id\":\"https:\/\/www.rearobotics.it\/de\/ueber-uns\/unsere-zertifizierungen\/#primaryimage\"},\"thumbnailUrl\":\"https:\/\/www.rearobotics.it\/wp-content\/uploads\/2021\/08\/icona-check-square.png\",\"datePublished\":\"2021-11-19T08:14:15+00:00\",\"dateModified\":\"2024-12-02T15:41:23+00:00\",\"description\":\"REA ROBOTICS S. R.L. strebt ein optimales Qualit\u00e4tsniveau in allen Phasen der Leistungserbringung an\",\"breadcrumb\":{\"@id\":\"https:\/\/www.rearobotics.it\/de\/ueber-uns\/unsere-zertifizierungen\/#breadcrumb\"},\"inLanguage\":\"de\",\"potentialAction\":[{\"@type\":\"ReadAction\",\"target\":[\"https:\/\/www.rearobotics.it\/de\/ueber-uns\/unsere-zertifizierungen\/\"]}]},{\"@type\":\"ImageObject\",\"inLanguage\":\"de\",\"@id\":\"https:\/\/www.rearobotics.it\/de\/ueber-uns\/unsere-zertifizierungen\/#primaryimage\",\"url\":\"https:\/\/www.rearobotics.it\/wp-content\/uploads\/2021\/08\/icona-check-square.png\",\"contentUrl\":\"https:\/\/www.rearobotics.it\/wp-content\/uploads\/2021\/08\/icona-check-square.png\"},{\"@type\":\"BreadcrumbList\",\"@id\":\"https:\/\/www.rearobotics.it\/de\/ueber-uns\/unsere-zertifizierungen\/#breadcrumb\",\"itemListElement\":[{\"@type\":\"ListItem\",\"position\":1,\"name\":\"Start\",\"item\":\"https:\/\/www.rearobotics.it\/de\/\"},{\"@type\":\"ListItem\",\"position\":2,\"name\":\"\u00dcber Uns\",\"item\":\"https:\/\/www.rearobotics.it\/de\/chi-siamo\/\"},{\"@type\":\"ListItem\",\"position\":3,\"name\":\"Unsere Zertifizierungen\"}]},{\"@type\":\"WebSite\",\"@id\":\"https:\/\/www.rearobotics.it\/de\/#website\",\"url\":\"https:\/\/www.rearobotics.it\/de\/\",\"name\":\"Rea Robotics\",\"description\":\"Automazione Industriale\",\"potentialAction\":[{\"@type\":\"SearchAction\",\"target\":{\"@type\":\"EntryPoint\",\"urlTemplate\":\"https:\/\/www.rearobotics.it\/de\/?s={search_term_string}\"},\"query-input\":{\"@type\":\"PropertyValueSpecification\",\"valueRequired\":true,\"valueName\":\"search_term_string\"}}],\"inLanguage\":\"de\"}]}<\/script>\n<!-- \/ Yoast SEO plugin. -->","yoast_head_json":{"title":"Unsere Zertifizierungen - Rea Robotics","description":"REA ROBOTICS S. R.L. strebt ein optimales Qualit\u00e4tsniveau in allen Phasen der Leistungserbringung an","robots":{"index":"index","follow":"follow","max-snippet":"max-snippet:-1","max-image-preview":"max-image-preview:large","max-video-preview":"max-video-preview:-1"},"canonical":"https:\/\/www.rearobotics.it\/de\/ueber-uns\/unsere-zertifizierungen\/","og_locale":"de_DE","og_type":"article","og_title":"Unsere Zertifizierungen - Rea Robotics","og_description":"REA ROBOTICS S. R.L. strebt ein optimales Qualit\u00e4tsniveau in allen Phasen der Leistungserbringung an","og_url":"https:\/\/www.rearobotics.it\/de\/ueber-uns\/unsere-zertifizierungen\/","og_site_name":"Rea Robotics","article_modified_time":"2024-12-02T15:41:23+00:00","og_image":[{"url":"https:\/\/www.rearobotics.it\/wp-content\/uploads\/2021\/08\/icona-check-square.png","type":"","width":"","height":""}],"twitter_card":"summary_large_image","twitter_misc":{"Gesch\u00e4tzte Lesezeit":"5\u00a0Minuten"},"schema":{"@context":"https:\/\/schema.org","@graph":[{"@type":"WebPage","@id":"https:\/\/www.rearobotics.it\/de\/ueber-uns\/unsere-zertifizierungen\/","url":"https:\/\/www.rearobotics.it\/de\/ueber-uns\/unsere-zertifizierungen\/","name":"Unsere Zertifizierungen - Rea Robotics","isPartOf":{"@id":"https:\/\/www.rearobotics.it\/de\/#website"},"primaryImageOfPage":{"@id":"https:\/\/www.rearobotics.it\/de\/ueber-uns\/unsere-zertifizierungen\/#primaryimage"},"image":{"@id":"https:\/\/www.rearobotics.it\/de\/ueber-uns\/unsere-zertifizierungen\/#primaryimage"},"thumbnailUrl":"https:\/\/www.rearobotics.it\/wp-content\/uploads\/2021\/08\/icona-check-square.png","datePublished":"2021-11-19T08:14:15+00:00","dateModified":"2024-12-02T15:41:23+00:00","description":"REA ROBOTICS S. R.L. strebt ein optimales Qualit\u00e4tsniveau in allen Phasen der Leistungserbringung an","breadcrumb":{"@id":"https:\/\/www.rearobotics.it\/de\/ueber-uns\/unsere-zertifizierungen\/#breadcrumb"},"inLanguage":"de","potentialAction":[{"@type":"ReadAction","target":["https:\/\/www.rearobotics.it\/de\/ueber-uns\/unsere-zertifizierungen\/"]}]},{"@type":"ImageObject","inLanguage":"de","@id":"https:\/\/www.rearobotics.it\/de\/ueber-uns\/unsere-zertifizierungen\/#primaryimage","url":"https:\/\/www.rearobotics.it\/wp-content\/uploads\/2021\/08\/icona-check-square.png","contentUrl":"https:\/\/www.rearobotics.it\/wp-content\/uploads\/2021\/08\/icona-check-square.png"},{"@type":"BreadcrumbList","@id":"https:\/\/www.rearobotics.it\/de\/ueber-uns\/unsere-zertifizierungen\/#breadcrumb","itemListElement":[{"@type":"ListItem","position":1,"name":"Start","item":"https:\/\/www.rearobotics.it\/de\/"},{"@type":"ListItem","position":2,"name":"\u00dcber Uns","item":"https:\/\/www.rearobotics.it\/de\/chi-siamo\/"},{"@type":"ListItem","position":3,"name":"Unsere Zertifizierungen"}]},{"@type":"WebSite","@id":"https:\/\/www.rearobotics.it\/de\/#website","url":"https:\/\/www.rearobotics.it\/de\/","name":"Rea Robotics","description":"Automazione Industriale","potentialAction":[{"@type":"SearchAction","target":{"@type":"EntryPoint","urlTemplate":"https:\/\/www.rearobotics.it\/de\/?s={search_term_string}"},"query-input":{"@type":"PropertyValueSpecification","valueRequired":true,"valueName":"search_term_string"}}],"inLanguage":"de"}]}},"_links":{"self":[{"href":"https:\/\/www.rearobotics.it\/de\/wp-json\/wp\/v2\/pages\/15073","targetHints":{"allow":["GET"]}}],"collection":[{"href":"https:\/\/www.rearobotics.it\/de\/wp-json\/wp\/v2\/pages"}],"about":[{"href":"https:\/\/www.rearobotics.it\/de\/wp-json\/wp\/v2\/types\/page"}],"author":[{"embeddable":true,"href":"https:\/\/www.rearobotics.it\/de\/wp-json\/wp\/v2\/users\/3"}],"replies":[{"embeddable":true,"href":"https:\/\/www.rearobotics.it\/de\/wp-json\/wp\/v2\/comments?post=15073"}],"version-history":[{"count":0,"href":"https:\/\/www.rearobotics.it\/de\/wp-json\/wp\/v2\/pages\/15073\/revisions"}],"up":[{"embeddable":true,"href":"https:\/\/www.rearobotics.it\/de\/wp-json\/wp\/v2\/pages\/12358"}],"wp:attachment":[{"href":"https:\/\/www.rearobotics.it\/de\/wp-json\/wp\/v2\/media?parent=15073"}],"curies":[{"name":"wp","href":"https:\/\/api.w.org\/{rel}","templated":true}]}}